{"id":57,"date":"2025-10-01T18:29:55","date_gmt":"2025-10-01T17:29:55","guid":{"rendered":"http:\/\/www.xiliane.com\/?page_id=57"},"modified":"2025-10-01T23:31:39","modified_gmt":"2025-10-01T22:31:39","slug":"elementor-57","status":"publish","type":"page","link":"https:\/\/www.xiliane.com\/index.php\/elementor-57\/","title":{"rendered":"Etiquettes \u00e9lectronique"},"content":{"rendered":"\t\t<div data-elementor-type=\"wp-post\" data-elementor-id=\"57\" class=\"elementor elementor-57\">\n\t\t\t\t<div class=\"elementor-element elementor-element-5631e84 e-flex e-con-boxed e-con e-parent\" data-id=\"5631e84\" data-element_type=\"container\" data-e-type=\"container\">\n\t\t\t\t\t<div class=\"e-con-inner\">\n\t\t\t\t<div class=\"elementor-element elementor-element-aa26fd9 elementor-widget elementor-widget-image\" data-id=\"aa26fd9\" data-element_type=\"widget\" data-e-type=\"widget\" data-widget_type=\"image.default\">\n\t\t\t\t\t\t\t\t\t\t\t\t\t\t\t<img fetchpriority=\"high\" decoding=\"async\" width=\"1024\" height=\"457\" src=\"https:\/\/www.xiliane.com\/wp-content\/uploads\/2025\/09\/etiquette-hanshow-1024x457.png\" class=\"attachment-large size-large wp-image-18\" alt=\"\" srcset=\"https:\/\/www.xiliane.com\/wp-content\/uploads\/2025\/09\/etiquette-hanshow-1024x457.png 1024w, https:\/\/www.xiliane.com\/wp-content\/uploads\/2025\/09\/etiquette-hanshow-300x134.png 300w, https:\/\/www.xiliane.com\/wp-content\/uploads\/2025\/09\/etiquette-hanshow-768x343.png 768w, https:\/\/www.xiliane.com\/wp-content\/uploads\/2025\/09\/etiquette-hanshow-1536x685.png 1536w, https:\/\/www.xiliane.com\/wp-content\/uploads\/2025\/09\/etiquette-hanshow-2048x914.png 2048w\" sizes=\"(max-width: 1024px) 100vw, 1024px\" \/>\t\t\t\t\t\t\t\t\t\t\t\t\t\t\t<\/div>\n\t\t\t\t\t<\/div>\n\t\t\t\t<\/div>\n\t\t<div class=\"elementor-element elementor-element-6ff10e2 e-flex e-con-boxed e-con e-parent\" data-id=\"6ff10e2\" data-element_type=\"container\" data-e-type=\"container\">\n\t\t\t\t\t<div class=\"e-con-inner\">\n\t\t\t\t<div class=\"elementor-element elementor-element-91a0a7e elementor-widget__width-inherit elementor-widget elementor-widget-text-editor\" data-id=\"91a0a7e\" data-element_type=\"widget\" data-e-type=\"widget\" data-widget_type=\"text-editor.default\">\n\t\t\t\t\t\t\t\t\t<ul><li><strong>Adieu les erreurs de prix:<\/strong>\u00a0Synchronisez\u00a0 automatiquement les prix entre vos \u00e9tiquettes et votre logiciel de caisse.<\/li><\/ul><ul><li><p><strong>Gain de temps:<\/strong>\u00a0Transformez le temps de gestion manuelle des \u00e9tiquettes en opportunit\u00e9s de croissance.<\/p><\/li><\/ul><ul><li><p><b>G\u00e9rez facilement l&rsquo;inventaire:<\/b> Affichez en temps r\u00e9el les stocks seuils de commande et autres donn\u00e9es cl\u00e9s de votre logiciel de caisse.<\/p><\/li><\/ul><ul><li><p><b>Localisation intuitive:<\/b> Guidez vos clients gr\u00e2ce aux LED clignotante des\u00a0<span style=\"font-style: inherit; font-weight: inherit;\">\u00e9tiquettes,\u00a0<\/span><span style=\"font-style: inherit; font-weight: inherit;\">pour un rep\u00e9rage instantan\u00e9.<\/span><\/p><\/li><\/ul>\t\t\t\t\t\t\t\t<\/div>\n\t\t\t\t\t<\/div>\n\t\t\t\t<\/div>\n\t\t\t\t<\/div>\n\t\t","protected":false},"excerpt":{"rendered":"<p>Adieu les erreurs de prix:\u00a0Synchronisez\u00a0 automatiquement les prix entre vos \u00e9tiquettes et votre logiciel de caisse. Gain de temps:\u00a0Transformez le temps de gestion manuelle des \u00e9tiquettes en opportunit\u00e9s de croissance. G\u00e9rez facilement l&rsquo;inventaire: Affichez en temps r\u00e9el les stocks seuils de commande et autres donn\u00e9es cl\u00e9s de votre logiciel de caisse. Localisation intuitive: Guidez vos [&hellip;]<\/p>\n","protected":false},"author":1,"featured_media":0,"parent":0,"menu_order":0,"comment_status":"closed","ping_status":"closed","template":"elementor_theme","meta":{"footnotes":""},"class_list":["post-57","page","type-page","status-publish","hentry"],"_links":{"self":[{"href":"https:\/\/www.xiliane.com\/index.php\/wp-json\/wp\/v2\/pages\/57","targetHints":{"allow":["GET"]}}],"collection":[{"href":"https:\/\/www.xiliane.com\/index.php\/wp-json\/wp\/v2\/pages"}],"about":[{"href":"https:\/\/www.xiliane.com\/index.php\/wp-json\/wp\/v2\/types\/page"}],"author":[{"embeddable":true,"href":"https:\/\/www.xiliane.com\/index.php\/wp-json\/wp\/v2\/users\/1"}],"replies":[{"embeddable":true,"href":"https:\/\/www.xiliane.com\/index.php\/wp-json\/wp\/v2\/comments?post=57"}],"version-history":[{"count":22,"href":"https:\/\/www.xiliane.com\/index.php\/wp-json\/wp\/v2\/pages\/57\/revisions"}],"predecessor-version":[{"id":157,"href":"https:\/\/www.xiliane.com\/index.php\/wp-json\/wp\/v2\/pages\/57\/revisions\/157"}],"wp:attachment":[{"href":"https:\/\/www.xiliane.com\/index.php\/wp-json\/wp\/v2\/media?parent=57"}],"curies":[{"name":"wp","href":"https:\/\/api.w.org\/{rel}","templated":true}]}}